{"id":104,"date":"2023-07-22T13:36:36","date_gmt":"2023-07-22T11:36:36","guid":{"rendered":"https:\/\/exhibition.solidarity1980.com\/?page_id=104"},"modified":"2024-11-29T23:38:05","modified_gmt":"2024-11-29T22:38:05","slug":"impressum","status":"publish","type":"page","link":"https:\/\/exhibition.solidarity1980.com\/en\/impressum\/","title":{"rendered":"IMPRINT"},"content":{"rendered":"<p>[et_pb_section fb_built=\u00a0\u00bb1&Prime; admin_label=\u00a0\u00bbTitre\u00a0\u00bb _builder_version=\u00a0\u00bb4.22.1&Prime; _module_preset=\u00a0\u00bbdefault\u00a0\u00bb background_color=\u00a0\u00bbRGBA(255,255,255,0)\u00a0\u00bb custom_margin=\u00a0\u00bb||0px||false|false\u00a0\u00bb custom_padding=\u00a0\u00bb||0px||false|false\u00a0\u00bb da_disable_devices=\u00a0\u00bboff|off|off\u00a0\u00bb global_colors_info=\u00a0\u00bb{}\u00a0\u00bb da_is_popup=\u00a0\u00bboff\u00a0\u00bb da_exit_intent=\u00a0\u00bboff\u00a0\u00bb da_has_close=\u00a0\u00bbon\u00a0\u00bb da_alt_close=\u00a0\u00bboff\u00a0\u00bb da_dark_close=\u00a0\u00bboff\u00a0\u00bb da_not_modal=\u00a0\u00bbon\u00a0\u00bb da_is_singular=\u00a0\u00bboff\u00a0\u00bb da_with_loader=\u00a0\u00bboff\u00a0\u00bb da_has_shadow=\u00a0\u00bbon\u00a0\u00bb][et_pb_row column_structure=\u00a0\u00bb2_5,3_5&Prime; _builder_version=\u00a0\u00bb4.22.1&Prime; _module_preset=\u00a0\u00bbdefault\u00a0\u00bb custom_css_main_element=\u00a0\u00bbdisplay: flex;||flex-wrap: wrap;||align-items: flex-end;\u00a0\u00bb global_colors_info=\u00a0\u00bb{}\u00a0\u00bb][et_pb_column type=\u00a0\u00bb2_5&Prime; _builder_version=\u00a0\u00bb4.22.1&Prime; _module_preset=\u00a0\u00bbdefault\u00a0\u00bb global_colors_info=\u00a0\u00bb{}\u00a0\u00bb][et_pb_image src=\u00a0\u00bbhttps:\/\/exhibition.solidarity1980.com\/wp-content\/uploads\/2023\/07\/titre_expo.png\u00a0\u00bb title_text=\u00a0\u00bbtitre_expo\u00a0\u00bb align_tablet=\u00a0\u00bbcenter\u00a0\u00bb align_phone=\u00a0\u00bbcenter\u00a0\u00bb align_last_edited=\u00a0\u00bbon|tablet\u00a0\u00bb _builder_version=\u00a0\u00bb4.22.1&Prime; _module_preset=\u00a0\u00bbdefault\u00a0\u00bb transform_scale_tablet=\u00a0\u00bb\u00a0\u00bb transform_scale_phone=\u00a0\u00bb\u00a0\u00bb transform_scale_last_edited=\u00a0\u00bbon|desktop\u00a0\u00bb transform_translate=\u00a0\u00bb-29px|0px\u00a0\u00bb transform_translate_tablet=\u00a0\u00bb0px|0px\u00a0\u00bb transform_translate_phone=\u00a0\u00bb0px|0px\u00a0\u00bb transform_translate_last_edited=\u00a0\u00bbon|tablet\u00a0\u00bb transform_translate_linked=\u00a0\u00bboff\u00a0\u00bb transform_rotate_tablet=\u00a0\u00bb\u00a0\u00bb transform_rotate_phone=\u00a0\u00bb\u00a0\u00bb transform_rotate_last_edited=\u00a0\u00bbon|desktop\u00a0\u00bb transform_skew_tablet=\u00a0\u00bb\u00a0\u00bb transform_skew_phone=\u00a0\u00bb\u00a0\u00bb transform_skew_last_edited=\u00a0\u00bbon|desktop\u00a0\u00bb transform_origin_tablet=\u00a0\u00bb\u00a0\u00bb transform_origin_phone=\u00a0\u00bb\u00a0\u00bb transform_origin_last_edited=\u00a0\u00bbon|desktop\u00a0\u00bb transform_styles_last_edited=\u00a0\u00bbon|tablet\u00a0\u00bb max_width=\u00a0\u00bb400px\u00a0\u00bb transform_styles_tablet=\u00a0\u00bb\u00a0\u00bb transform_styles_phone=\u00a0\u00bb\u00a0\u00bb global_colors_info=\u00a0\u00bb{}\u00a0\u00bb][\/et_pb_image][\/et_pb_column][et_pb_column type=\u00a0\u00bb3_5&Prime; _builder_version=\u00a0\u00bb4.22.1&Prime; _module_preset=\u00a0\u00bbdefault\u00a0\u00bb global_colors_info=\u00a0\u00bb{}\u00a0\u00bb][et_pb_text _builder_version=\u00a0\u00bb4.22.1&Prime; _module_preset=\u00a0\u00bbdefault\u00a0\u00bb text_orientation_tablet=\u00a0\u00bbcenter\u00a0\u00bb text_orientation_phone=\u00a0\u00bbcenter\u00a0\u00bb text_orientation_last_edited=\u00a0\u00bbon|tablet\u00a0\u00bb global_colors_info=\u00a0\u00bb{}\u00a0\u00bb]<\/p>\n<div class=\"wp-block-columns are-vertically-aligned-bottom logo-wrapper is-layout-flex wp-container-3 wp-block-columns-is-layout-flex\">\n<div class=\"wp-block-column is-vertically-aligned-bottom is-layout-flow wp-block-column-is-layout-flow\">\n<h1 class=\"wp-block-heading\" style=\"margin-bottom: 0; padding-bottom: 0;\">Impressum<\/h1>\n<h3 class=\"wp-block-heading\" style=\"margin-bottom: 0; padding-bottom: 0;\">ENGAGEMENT DES PEUPLES<br \/>M\u00c9MOIRE DES T\u00c9MOINS<br \/>QUESTIONS D\u2019HISTORIENS<\/h3>\n<\/div>\n<\/div>\n<p>[\/et_pb_text][\/et_pb_column][\/et_pb_row][et_pb_row _builder_version=\u00a0\u00bb4.22.1&Prime; _module_preset=\u00a0\u00bbdefault\u00a0\u00bb global_colors_info=\u00a0\u00bb{}\u00a0\u00bb][et_pb_column type=\u00a0\u00bb4_4&Prime; _builder_version=\u00a0\u00bb4.22.1&Prime; _module_preset=\u00a0\u00bbdefault\u00a0\u00bb global_colors_info=\u00a0\u00bb{}\u00a0\u00bb][et_pb_divider color=\u00a0\u00bb#000000&Prime; divider_style=\u00a0\u00bbdashed\u00a0\u00bb _builder_version=\u00a0\u00bb4.22.1&Prime; _module_preset=\u00a0\u00bbdefault\u00a0\u00bb global_colors_info=\u00a0\u00bb{}\u00a0\u00bb][\/et_pb_divider][\/et_pb_column][\/et_pb_row][\/et_pb_section][et_pb_section fb_built=\u00a0\u00bb1&Prime; admin_label=\u00a0\u00bbSection\u00a0\u00bb module_class=\u00a0\u00bbtitles-sm arrow-links\u00a0\u00bb _builder_version=\u00a0\u00bb4.22.1&Prime; _module_preset=\u00a0\u00bbdefault\u00a0\u00bb background_color=\u00a0\u00bbRGBA(255,255,255,0)\u00a0\u00bb custom_margin=\u00a0\u00bb0px||||false|false\u00a0\u00bb custom_padding=\u00a0\u00bb0px||||false|false\u00a0\u00bb da_disable_devices=\u00a0\u00bboff|off|off\u00a0\u00bb global_colors_info=\u00a0\u00bb{}\u00a0\u00bb da_is_popup=\u00a0\u00bboff\u00a0\u00bb da_exit_intent=\u00a0\u00bboff\u00a0\u00bb da_has_close=\u00a0\u00bbon\u00a0\u00bb da_alt_close=\u00a0\u00bboff\u00a0\u00bb da_dark_close=\u00a0\u00bboff\u00a0\u00bb da_not_modal=\u00a0\u00bbon\u00a0\u00bb da_is_singular=\u00a0\u00bboff\u00a0\u00bb da_with_loader=\u00a0\u00bboff\u00a0\u00bb da_has_shadow=\u00a0\u00bbon\u00a0\u00bb][et_pb_row _builder_version=\u00a0\u00bb4.22.1&Prime; _module_preset=\u00a0\u00bbdefault\u00a0\u00bb background_color=\u00a0\u00bbRGBA(255,255,255,0)\u00a0\u00bb global_colors_info=\u00a0\u00bb{}\u00a0\u00bb][et_pb_column type=\u00a0\u00bb4_4&Prime; _builder_version=\u00a0\u00bb4.22.1&Prime; _module_preset=\u00a0\u00bbdefault\u00a0\u00bb global_colors_info=\u00a0\u00bb{}\u00a0\u00bb][et_pb_text admin_label=\u00a0\u00bbSous titre\u00a0\u00bb _builder_version=\u00a0\u00bb4.25.1&Prime; _module_preset=\u00a0\u00bbdefault\u00a0\u00bb global_colors_info=\u00a0\u00bb{}\u00a0\u00bb]<\/p>\n<h5 class=\"wp-block-heading\">L&rsquo;EXPOSITION VIRTUELLE R\u00c9ALIS\u00c9E AU D\u00c9PARTEMENT D\u2019HISTOIRE G\u00c9N\u00c9RALE,<br \/><a href=\"https:\/\/www.unige.ch\/lettres\/istge\/\" target=\"_blank\" rel=\"noreferrer noopener\">UNIT\u00c9 D\u2019HISTOIRE SUISSE<\/a>, DE L\u2019UNIVERSIT\u00c9 DE GEN\u00c8VE<\/h5>\n<p>[\/et_pb_text][et_pb_text admin_label=\u00a0\u00bbTexte\u00a0\u00bb _builder_version=\u00a0\u00bb4.25.1&Prime; _module_preset=\u00a0\u00bbdefault\u00a0\u00bb hover_enabled=\u00a0\u00bb0&Prime; global_colors_info=\u00a0\u00bb{}\u00a0\u00bb sticky_enabled=\u00a0\u00bb0&Prime;]<\/p>\n<p><strong>Commissaire scientifique d&rsquo;exposition <\/strong><br \/><a href=\"https:\/\/www.unige.ch\/lettres\/istge\/corps-enseignant\/hsuisse\/renata-zala\/\" target=\"_blank\" rel=\"noreferrer noopener\">Dre Renata Lata\u0142a<\/a><br \/><strong>Graphisme<\/strong><br \/><a href=\"http:\/\/www.jeremiemercier.com\/\" target=\"_blank\" rel=\"noreferrer noopener\">J\u00e9r\u00e9mie Mercier<\/a><br \/><strong>Sc\u00e9nographie <\/strong><br \/><a href=\"https:\/\/www.unige.ch\/lettres\/istge\/corps-enseignant\/hsuisse\/renata-zala\/\" target=\"_blank\" rel=\"noreferrer noopener\">Dre Renata Lata\u0142a<\/a><\/p>\n<p><strong>Conception du site web<\/strong><br \/><a href=\"https:\/\/paulinedupraz.com\/\" target=\"_blank\" rel=\"noreferrer noopener\">Pauline Dupraz<\/a><br \/><strong>Traduction fran\u00e7ais-anglais<\/strong><br \/>Anna Hamilton<br \/><strong>Correction<\/strong><br \/>Barbara Mazotti, Luc Verly, John Woolfenden<br \/><strong>Assistance technique<\/strong><br \/>Sarah Osman<\/p>\n<p><strong>Conception et coordination <\/strong><br \/><a href=\"https:\/\/www.unige.ch\/lettres\/istge\/corps-enseignant\/hsuisse\/renata-zala\/\" target=\"_blank\" rel=\"noreferrer noopener\">Dre Renata Lata\u0142a<\/a><\/p>\n<h6 class=\"wp-block-heading\"><strong>PROJET FINANC\u00c9 PAR LE FONDS NATIONAL SUISSE DE LA RECHERCHE SCIENTIFIQUE\u00a0\u00a0<\/strong><\/h6>\n<p><strong>\u00a0<\/strong><\/p>\n<p><strong>\u00a0<\/strong><\/p>\n<p class=\"has-small-font-size\"><strong>\u00a0<\/strong><\/p>\n<p>[\/et_pb_text][\/et_pb_column][\/et_pb_row][et_pb_row column_structure=\u00a0\u00bb1_2,1_2&Prime; _builder_version=\u00a0\u00bb4.22.1&Prime; _module_preset=\u00a0\u00bbdefault\u00a0\u00bb global_colors_info=\u00a0\u00bb{}\u00a0\u00bb][et_pb_column type=\u00a0\u00bb1_2&Prime; _builder_version=\u00a0\u00bb4.22.1&Prime; _module_preset=\u00a0\u00bbdefault\u00a0\u00bb global_colors_info=\u00a0\u00bb{}\u00a0\u00bb][et_pb_image src=\u00a0\u00bbhttps:\/\/exhibition.solidarity1980.com\/wp-content\/uploads\/2024\/03\/FNS-Logo.png\u00a0\u00bb title_text=\u00a0\u00bbFNS Logo\u00a0\u00bb _builder_version=\u00a0\u00bb4.24.0&Prime; _module_preset=\u00a0\u00bbdefault\u00a0\u00bb global_colors_info=\u00a0\u00bb{}\u00a0\u00bb][\/et_pb_image][\/et_pb_column][et_pb_column type=\u00a0\u00bb1_2&Prime; _builder_version=\u00a0\u00bb4.22.1&Prime; _module_preset=\u00a0\u00bbdefault\u00a0\u00bb global_colors_info=\u00a0\u00bb{}\u00a0\u00bb][et_pb_image src=\u00a0\u00bbhttps:\/\/exhibition.solidarity1980.com\/wp-content\/uploads\/2024\/03\/UNIGE-Logo.png\u00a0\u00bb title_text=\u00a0\u00bbUNIGE Logo\u00a0\u00bb _builder_version=\u00a0\u00bb4.24.0&Prime; _module_preset=\u00a0\u00bbdefault\u00a0\u00bb global_colors_info=\u00a0\u00bb{}\u00a0\u00bb][\/et_pb_image][\/et_pb_column][\/et_pb_row][\/et_pb_section]<\/p>\n","protected":false},"excerpt":{"rendered":"<p>Impressum ENGAGEMENT DES PEUPLESM\u00c9MOIRE DES T\u00c9MOINSQUESTIONS D\u2019HISTORIENS L&rsquo;EXPOSITION VIRTUELLE R\u00c9ALIS\u00c9E AU D\u00c9PARTEMENT D\u2019HISTOIRE G\u00c9N\u00c9RALE,UNIT\u00c9 D\u2019HISTOIRE SUISSE, DE L\u2019UNIVERSIT\u00c9 DE GEN\u00c8VECommissaire scientifique d&rsquo;exposition Dre Renata Lata\u0142aGraphismeJ\u00e9r\u00e9mie MercierSc\u00e9nographie Dre Renata Lata\u0142a Conception du site webPauline DuprazTraduction fran\u00e7ais-anglaisAnna HamiltonCorrectionBarbara Mazotti, Luc Verly, John WoolfendenAssistance techniqueSarah Osman Conception et coordination Dre Renata Lata\u0142a PROJET FINANC\u00c9 PAR LE FONDS NATIONAL [&hellip;]<\/p>\n","protected":false},"author":1,"featured_media":0,"parent":0,"menu_order":0,"comment_status":"closed","ping_status":"closed","template":"","meta":{"_et_pb_use_builder":"on","_et_pb_old_content":"","_et_gb_content_width":"","footnotes":""},"class_list":["post-104","page","type-page","status-publish","hentry"],"_links":{"self":[{"href":"https:\/\/exhibition.solidarity1980.com\/en\/wp-json\/wp\/v2\/pages\/104","targetHints":{"allow":["GET"]}}],"collection":[{"href":"https:\/\/exhibition.solidarity1980.com\/en\/wp-json\/wp\/v2\/pages"}],"about":[{"href":"https:\/\/exhibition.solidarity1980.com\/en\/wp-json\/wp\/v2\/types\/page"}],"author":[{"embeddable":true,"href":"https:\/\/exhibition.solidarity1980.com\/en\/wp-json\/wp\/v2\/users\/1"}],"replies":[{"embeddable":true,"href":"https:\/\/exhibition.solidarity1980.com\/en\/wp-json\/wp\/v2\/comments?post=104"}],"version-history":[{"count":19,"href":"https:\/\/exhibition.solidarity1980.com\/en\/wp-json\/wp\/v2\/pages\/104\/revisions"}],"predecessor-version":[{"id":3710,"href":"https:\/\/exhibition.solidarity1980.com\/en\/wp-json\/wp\/v2\/pages\/104\/revisions\/3710"}],"wp:attachment":[{"href":"https:\/\/exhibition.solidarity1980.com\/en\/wp-json\/wp\/v2\/media?parent=104"}],"curies":[{"name":"wp","href":"https:\/\/api.w.org\/{rel}","templated":true}]}}