{"id":33,"date":"2023-06-30T13:25:40","date_gmt":"2023-06-30T11:25:40","guid":{"rendered":"https:\/\/exhibition.solidarity1980.com\/?page_id=33"},"modified":"2023-12-12T15:44:59","modified_gmt":"2023-12-12T14:44:59","slug":"accueil","status":"publish","type":"page","link":"https:\/\/exhibition.solidarity1980.com\/en\/","title":{"rendered":"Accueil"},"content":{"rendered":"<p>[et_pb_section fb_built=\u00a0\u00bb1&Prime; admin_label=\u00a0\u00bbLogo\u00a0\u00bb module_class=\u00a0\u00bblogo-bkg-opacity-transition\u00a0\u00bb _builder_version=\u00a0\u00bb4.22.1&Prime; _module_preset=\u00a0\u00bbdefault\u00a0\u00bb background_color=\u00a0\u00bbRGBA(255,255,255,0)\u00a0\u00bb width=\u00a0\u00bb100%\u00a0\u00bb min_height=\u00a0\u00bb100vh\u00a0\u00bb custom_css_main_element=\u00a0\u00bbdisplay:flex;||align-items: center;\u00a0\u00bb da_disable_devices=\u00a0\u00bboff|off|off\u00a0\u00bb locked=\u00a0\u00bbon\u00a0\u00bb global_colors_info=\u00a0\u00bb{}\u00a0\u00bb da_is_popup=\u00a0\u00bboff\u00a0\u00bb da_exit_intent=\u00a0\u00bboff\u00a0\u00bb da_has_close=\u00a0\u00bbon\u00a0\u00bb da_alt_close=\u00a0\u00bboff\u00a0\u00bb da_dark_close=\u00a0\u00bboff\u00a0\u00bb da_not_modal=\u00a0\u00bbon\u00a0\u00bb da_is_singular=\u00a0\u00bboff\u00a0\u00bb da_with_loader=\u00a0\u00bboff\u00a0\u00bb da_has_shadow=\u00a0\u00bbon\u00a0\u00bb][et_pb_row make_equal=\u00a0\u00bbon\u00a0\u00bb _builder_version=\u00a0\u00bb4.21.0&Prime; _module_preset=\u00a0\u00bbdefault\u00a0\u00bb z_index=\u00a0\u00bb30&Prime; module_alignment=\u00a0\u00bbcenter\u00a0\u00bb custom_margin=\u00a0\u00bbauto||auto||false|false\u00a0\u00bb scroll_vertical_motion_enable=\u00a0\u00bbon\u00a0\u00bb scroll_vertical_motion=\u00a0\u00bb0|50|50|100|0|0|-4&Prime; global_colors_info=\u00a0\u00bb{}\u00a0\u00bb][et_pb_column type=\u00a0\u00bb4_4&Prime; _builder_version=\u00a0\u00bb4.21.0&Prime; _module_preset=\u00a0\u00bbdefault\u00a0\u00bb global_colors_info=\u00a0\u00bb{}\u00a0\u00bb][et_pb_image src=\u00a0\u00bbhttps:\/\/exhibition.solidarity1980.com\/wp-content\/uploads\/2023\/06\/logo-inverse.png\u00a0\u00bb _builder_version=\u00a0\u00bb4.21.0&Prime; _module_preset=\u00a0\u00bbdefault\u00a0\u00bb width=\u00a0\u00bb50%\u00a0\u00bb width_tablet=\u00a0\u00bb83%\u00a0\u00bb width_phone=\u00a0\u00bb100%\u00a0\u00bb width_last_edited=\u00a0\u00bbon|tablet\u00a0\u00bb module_alignment=\u00a0\u00bbcenter\u00a0\u00bb global_colors_info=\u00a0\u00bb{}\u00a0\u00bb][\/et_pb_image][\/et_pb_column][\/et_pb_row][\/et_pb_section][et_pb_section fb_built=\u00a0\u00bb1&Prime; admin_label=\u00a0\u00bbPhotos\/documents\u00a0\u00bb module_id=\u00a0\u00bbhome-anim-1-wrapper\u00a0\u00bb _builder_version=\u00a0\u00bb4.22.1&Prime; _module_preset=\u00a0\u00bbdefault\u00a0\u00bb background_color=\u00a0\u00bbRGBA(255,255,255,0)\u00a0\u00bb da_disable_devices=\u00a0\u00bboff|off|off\u00a0\u00bb locked=\u00a0\u00bbon\u00a0\u00bb global_colors_info=\u00a0\u00bb{}\u00a0\u00bb da_is_popup=\u00a0\u00bboff\u00a0\u00bb da_exit_intent=\u00a0\u00bboff\u00a0\u00bb da_has_close=\u00a0\u00bbon\u00a0\u00bb da_alt_close=\u00a0\u00bboff\u00a0\u00bb da_dark_close=\u00a0\u00bboff\u00a0\u00bb da_not_modal=\u00a0\u00bbon\u00a0\u00bb da_is_singular=\u00a0\u00bboff\u00a0\u00bb da_with_loader=\u00a0\u00bboff\u00a0\u00bb da_has_shadow=\u00a0\u00bbon\u00a0\u00bb][et_pb_row _builder_version=\u00a0\u00bb4.21.0&Prime; _module_preset=\u00a0\u00bbdefault\u00a0\u00bb width=\u00a0\u00bb100%\u00a0\u00bb max_width=\u00a0\u00bb100%\u00a0\u00bb height=\u00a0\u00bb100vh\u00a0\u00bb scroll_vertical_motion=\u00a0\u00bb0|50|50|100|1|0|-1&Prime; global_colors_info=\u00a0\u00bb{}\u00a0\u00bb][et_pb_column type=\u00a0\u00bb4_4&Prime; _builder_version=\u00a0\u00bb4.21.0&Prime; _module_preset=\u00a0\u00bbdefault\u00a0\u00bb global_colors_info=\u00a0\u00bb{}\u00a0\u00bb][et_pb_code admin_label=\u00a0\u00bbCode\u00a0\u00bb _builder_version=\u00a0\u00bb4.21.0&Prime; _module_preset=\u00a0\u00bbdefault\u00a0\u00bb global_colors_info=\u00a0\u00bb{}\u00a0\u00bb]<\/p>\n<div class=\"home-anim-1 scattered-images\"><!-- [et_pb_line_break_holder] -->  <img decoding=\"async\" class=\"a1-25\" src=\"https:\/\/exhibition.solidarity1980.com\/wp-content\/uploads\/2023\/07\/layer-25.jpg\" \/><!-- [et_pb_line_break_holder] --><img decoding=\"async\" class=\"a1-24\" src=\"https:\/\/exhibition.solidarity1980.com\/wp-content\/uploads\/2023\/07\/layer-24.png\" \/><!-- [et_pb_line_break_holder] --><img decoding=\"async\" class=\"a1-23\" src=\"https:\/\/exhibition.solidarity1980.com\/wp-content\/uploads\/2023\/07\/layer-23.png\" \/><!-- [et_pb_line_break_holder] --><img decoding=\"async\" class=\"a1-22\" src=\"https:\/\/exhibition.solidarity1980.com\/wp-content\/uploads\/2023\/07\/layer-22.jpg\" \/><!-- [et_pb_line_break_holder] --><img decoding=\"async\" class=\"a1-21\" src=\"https:\/\/exhibition.solidarity1980.com\/wp-content\/uploads\/2023\/07\/layer-21.png\" \/><!-- [et_pb_line_break_holder] --><img decoding=\"async\" class=\"a1-20\" src=\"https:\/\/exhibition.solidarity1980.com\/wp-content\/uploads\/2023\/07\/layer-20.png\" \/><!-- [et_pb_line_break_holder] --><img decoding=\"async\" class=\"a1-19\" src=\"https:\/\/exhibition.solidarity1980.com\/wp-content\/uploads\/2023\/07\/layer-19.png\" \/><!-- [et_pb_line_break_holder] --><img decoding=\"async\" class=\"a1-18\" src=\"https:\/\/exhibition.solidarity1980.com\/wp-content\/uploads\/2023\/07\/layer-18.jpg\" \/><!-- [et_pb_line_break_holder] --><img decoding=\"async\" class=\"a1-17\" src=\"https:\/\/exhibition.solidarity1980.com\/wp-content\/uploads\/2023\/07\/layer-17.jpg\" \/><!-- [et_pb_line_break_holder] --><img decoding=\"async\" class=\"a1-16\" src=\"https:\/\/exhibition.solidarity1980.com\/wp-content\/uploads\/2023\/07\/layer-16.jpg\"\/><!-- [et_pb_line_break_holder] --><img decoding=\"async\" class=\"a1-15\" src=\"https:\/\/exhibition.solidarity1980.com\/wp-content\/uploads\/2023\/07\/layer-15.png\"\/><!-- [et_pb_line_break_holder] --><img decoding=\"async\" class=\"a1-14\" src=\"https:\/\/exhibition.solidarity1980.com\/wp-content\/uploads\/2023\/07\/layer-14.jpg\"\/><!-- [et_pb_line_break_holder] -->  <img decoding=\"async\" class=\"a1-13\" src=\"https:\/\/exhibition.solidarity1980.com\/wp-content\/uploads\/2023\/07\/layer-13.jpg\"\/><!-- [et_pb_line_break_holder] -->  <img decoding=\"async\" class=\"a1-12\" src=\"https:\/\/exhibition.solidarity1980.com\/wp-content\/uploads\/2023\/07\/layer-12.jpg\"\/><!-- [et_pb_line_break_holder] -->  <img decoding=\"async\" class=\"a1-11\" src=\"https:\/\/exhibition.solidarity1980.com\/wp-content\/uploads\/2023\/07\/layer-11.jpg\"\/><!-- [et_pb_line_break_holder] -->  <img decoding=\"async\" class=\"a1-10\" src=\"https:\/\/exhibition.solidarity1980.com\/wp-content\/uploads\/2023\/07\/layer-10.jpg\"\/><!-- [et_pb_line_break_holder] -->  <img decoding=\"async\" class=\"a1-9\" src=\"https:\/\/exhibition.solidarity1980.com\/wp-content\/uploads\/2023\/07\/layer-9.jpg\"\/><!-- [et_pb_line_break_holder] -->  <img decoding=\"async\" class=\"a1-8\" src=\"https:\/\/exhibition.solidarity1980.com\/wp-content\/uploads\/2023\/07\/layer-8.jpg\"\/><!-- [et_pb_line_break_holder] -->  <img decoding=\"async\" class=\"a1-7\" src=\"https:\/\/exhibition.solidarity1980.com\/wp-content\/uploads\/2023\/07\/layer-7.jpg\"\/><!-- [et_pb_line_break_holder] -->  <img decoding=\"async\" class=\"a1-6\" src=\"https:\/\/exhibition.solidarity1980.com\/wp-content\/uploads\/2023\/07\/layer-6.jpg\"\/><!-- [et_pb_line_break_holder] -->  <img decoding=\"async\" class=\"a1-5\" src=\"https:\/\/exhibition.solidarity1980.com\/wp-content\/uploads\/2023\/07\/layer-5.jpg\"\/><!-- [et_pb_line_break_holder] -->  <img decoding=\"async\" class=\"a1-4\" src=\"https:\/\/exhibition.solidarity1980.com\/wp-content\/uploads\/2023\/07\/layer-4.jpg\"\/><!-- [et_pb_line_break_holder] -->  <img decoding=\"async\" class=\"a1-3\" src=\"https:\/\/exhibition.solidarity1980.com\/wp-content\/uploads\/2023\/07\/layer-3.jpg\"\/><!-- [et_pb_line_break_holder] -->  <img decoding=\"async\" class=\"a1-2\" src=\"https:\/\/exhibition.solidarity1980.com\/wp-content\/uploads\/2023\/07\/layer-2.jpg\"\/><!-- [et_pb_line_break_holder] -->  <img decoding=\"async\" class=\"a1-1\" src=\"https:\/\/exhibition.solidarity1980.com\/wp-content\/uploads\/2023\/07\/layer-1.jpg\"\/><!-- [et_pb_line_break_holder] -->  <img decoding=\"async\" class=\"a1-0\" src=\"https:\/\/exhibition.solidarity1980.com\/wp-content\/uploads\/2023\/07\/layer-0.jpg\"\/><!-- [et_pb_line_break_holder] --><\/div>\n<p>[\/et_pb_code][\/et_pb_column][\/et_pb_row][\/et_pb_section][et_pb_section fb_built=\u00a0\u00bb1&Prime; admin_label=\u00a0\u00bbEspace\u00a0\u00bb _builder_version=\u00a0\u00bb4.22.1&Prime; _module_preset=\u00a0\u00bbdefault\u00a0\u00bb background_color=\u00a0\u00bbRGBA(255,255,255,0)\u00a0\u00bb height=\u00a0\u00bb1vh\u00a0\u00bb da_disable_devices=\u00a0\u00bboff|off|off\u00a0\u00bb locked=\u00a0\u00bbon\u00a0\u00bb global_colors_info=\u00a0\u00bb{}\u00a0\u00bb da_is_popup=\u00a0\u00bboff\u00a0\u00bb da_exit_intent=\u00a0\u00bboff\u00a0\u00bb da_has_close=\u00a0\u00bbon\u00a0\u00bb da_alt_close=\u00a0\u00bboff\u00a0\u00bb da_dark_close=\u00a0\u00bboff\u00a0\u00bb da_not_modal=\u00a0\u00bbon\u00a0\u00bb da_is_singular=\u00a0\u00bboff\u00a0\u00bb da_with_loader=\u00a0\u00bboff\u00a0\u00bb da_has_shadow=\u00a0\u00bbon\u00a0\u00bb][et_pb_row _builder_version=\u00a0\u00bb4.21.0&Prime; _module_preset=\u00a0\u00bbdefault\u00a0\u00bb global_colors_info=\u00a0\u00bb{}\u00a0\u00bb][et_pb_column type=\u00a0\u00bb4_4&Prime; _builder_version=\u00a0\u00bb4.21.0&Prime; _module_preset=\u00a0\u00bbdefault\u00a0\u00bb global_colors_info=\u00a0\u00bb{}\u00a0\u00bb][et_pb_divider show_divider=\u00a0\u00bboff\u00a0\u00bb admin_label=\u00a0\u00bbDivider\u00a0\u00bb _builder_version=\u00a0\u00bb4.21.0&Prime; _module_preset=\u00a0\u00bbdefault\u00a0\u00bb background_color=\u00a0\u00bbRGBA(255,255,255,0)\u00a0\u00bb min_height=\u00a0\u00bb23px\u00a0\u00bb custom_padding=\u00a0\u00bb0px|||||\u00a0\u00bb global_colors_info=\u00a0\u00bb{}\u00a0\u00bb][\/et_pb_divider][\/et_pb_column][\/et_pb_row][\/et_pb_section][et_pb_section fb_built=\u00a0\u00bb1&Prime; admin_label=\u00a0\u00bbTexte\u00a0\u00bb _builder_version=\u00a0\u00bb4.22.1&Prime; _module_preset=\u00a0\u00bbdefault\u00a0\u00bb background_color=\u00a0\u00bbRGBA(255,255,255,0)\u00a0\u00bb min_height=\u00a0\u00bb100vh\u00a0\u00bb scroll_vertical_motion_enable=\u00a0\u00bbon\u00a0\u00bb scroll_vertical_motion=\u00a0\u00bb0|50|50|100|1|0|-1&Prime; custom_css_main_element=\u00a0\u00bbdisplay:flex;||align-items: center;||width: 100%;\u00a0\u00bb da_disable_devices=\u00a0\u00bboff|off|off\u00a0\u00bb global_colors_info=\u00a0\u00bb{}\u00a0\u00bb da_is_popup=\u00a0\u00bboff\u00a0\u00bb da_exit_intent=\u00a0\u00bboff\u00a0\u00bb da_has_close=\u00a0\u00bbon\u00a0\u00bb da_alt_close=\u00a0\u00bboff\u00a0\u00bb da_dark_close=\u00a0\u00bboff\u00a0\u00bb da_not_modal=\u00a0\u00bbon\u00a0\u00bb da_is_singular=\u00a0\u00bboff\u00a0\u00bb da_with_loader=\u00a0\u00bboff\u00a0\u00bb da_has_shadow=\u00a0\u00bbon\u00a0\u00bb][et_pb_row _builder_version=\u00a0\u00bb4.21.0&Prime; _module_preset=\u00a0\u00bbdefault\u00a0\u00bb custom_padding=\u00a0\u00bb||10px||false|false\u00a0\u00bb scroll_vertical_motion_enable=\u00a0\u00bbon\u00a0\u00bb scroll_vertical_motion=\u00a0\u00bb0|50|50|100|1|0|-1&Prime; global_colors_info=\u00a0\u00bb{}\u00a0\u00bb custom_css_main_element_last_edited=\u00a0\u00bbon|tablet\u00a0\u00bb custom_css_main_element_phone=\u00a0\u00bbwidth: 100%;||padding: 0 15px;\u00a0\u00bb][et_pb_column type=\u00a0\u00bb4_4&Prime; _builder_version=\u00a0\u00bb4.21.0&Prime; _module_preset=\u00a0\u00bbdefault\u00a0\u00bb global_colors_info=\u00a0\u00bb{}\u00a0\u00bb][et_pb_text _builder_version=\u00a0\u00bb4.23.1&Prime; _module_preset=\u00a0\u00bbdefault\u00a0\u00bb text_text_color=\u00a0\u00bb#ffffff\u00a0\u00bb header_text_color=\u00a0\u00bb#ffffff\u00a0\u00bb background_color=\u00a0\u00bbRGBA(255,255,255,0)\u00a0\u00bb text_orientation=\u00a0\u00bbcenter\u00a0\u00bb background_layout=\u00a0\u00bbdark\u00a0\u00bb hover_enabled=\u00a0\u00bb0&Prime; text_orientation_tablet=\u00a0\u00bbcenter\u00a0\u00bb text_orientation_phone=\u00a0\u00bbleft\u00a0\u00bb text_orientation_last_edited=\u00a0\u00bbon|tablet\u00a0\u00bb global_colors_info=\u00a0\u00bb{}\u00a0\u00bb sticky_enabled=\u00a0\u00bb0&Prime;]<\/p>\n<div class=\"page\" title=\"Page 6\">\n<div class=\"section\">\n<div class=\"layoutArea\">\n<p style=\"text-align: center;\">\u00ab Solidarit\u00e9 \u00bb, \u00ab Solidarno\u015b\u0107 \u00bb, \u00ab solidarit\u00e9 avec Solidarno\u015b\u0107 \u00bb, ces mots r\u00e9sonnaient avec force dans les ann\u00e9es 80, comme le r\u00e9v\u00e8lent les photographies, films, affiches, drapeaux, banni\u00e8res, tracts, cartes postales, badges, pages de journaux et de livres qui sont autant de t\u00e9moins de cet engouement international pour Solidarnosc. \u00c0 la fois mouvement ouvrier et mouvement national, exprim\u00e9s sous la forme d\u2019une lutte pour la d\u00e9mocratisation de la soci\u00e9t\u00e9, Solidarno\u015b\u0107 et sa cause ont engendr\u00e9 l\u2019une des plus grandes mobilisations internationales. Comment l\u2019exp\u00e9rience de Solidarno\u015b\u0107, qui a focalis\u00e9 l\u2019attention du monde entier, a-t-elle \u00e9t\u00e9 v\u00e9cue ? Que signifie cette solidarit\u00e9 au regard des parcours de ceux qui l\u2019ont partag\u00e9e ? Quels souvenirs ce moment historique a-t-il laiss\u00e9s ?<\/p>\n<p style=\"text-align: center;\">Les ann\u00e9es Solidarno\u015b\u0107 ont aussi marqu\u00e9 ma propre vie. J\u2019appartiens \u00e0 une g\u00e9n\u00e9ration qui a \u00e9t\u00e9 berc\u00e9e par les espoirs et les aspirations d\u2019ao\u00fbt 1980. Ces ann\u00e9es 80 qui ont donn\u00e9 naissance aux changements survenus en Pologne, puis dans toute l\u2019Europe, ont \u00e9galement eu un impact sur ma trajectoire. C\u2019est donc avec une grande joie que j\u2019ai pris part au projet de recherche, men\u00e9 \u00e0 l\u2019Universit\u00e9 de Gen\u00e8ve par Ir\u00e8ne Herrmann, autour du concept et des pratiques solidaires dans la phase finale de la Guerre Froide, afin d\u2019explorer la perception de Solidarno\u015b\u0107 en Suisse.<\/p>\n<p style=\"text-align: center;\">Cette exposition consiste pour l\u2019essentiel en une pr\u00e9sentation d\u2019une partie des r\u00e9sultats de cette recherche. \u00c0 partir du ph\u00e9nom\u00e8ne de \u00ab Solidarno\u015b\u0107 \u00bb, l\u2019exposition retrace les trajectoires d\u2019engagement en Suisse en faveur du mouvement et de la soci\u00e9t\u00e9 polonaise dans les ann\u00e9es 80. Elle interroge le concept de la \u00ab solidarit\u00e9 \u00bb, qui permet de prendre conscience des liens unissant l\u2019individu \u00e0 sa communaut\u00e9.<\/p>\n<p style=\"text-align: center;\">Cette exposition est un dialogue entre la m\u00e9moire, celle des t\u00e9moins, celle des archives, et une historienne dont l\u2019interpr\u00e9tation ne vient que dans un second temps, en quelque sorte comme une voix off. Le fait de donner d\u2019abord la place \u00e0 la m\u00e9moire, aux acteurs du pass\u00e9, est un choix d\u00e9lib\u00e9r\u00e9.<\/p>\n<p style=\"text-align: center;\">Ma reconnaissance envers les acteurs de cette mobilisation solidaire, qui ont g\u00e9n\u00e9reusement partag\u00e9 leur exp\u00e9rience de cette p\u00e9riode ainsi que leurs archives allant bien au-del\u00e0 des simples mots de gratitude, c\u2019est \u00e0 ces personnes, dont les noms figurent en t\u00eate de mes remerciements, que l\u2019exposition est d\u00e9di\u00e9e ; sans oublier toutes les autres, qui ont pris part \u00e0 cette mobilisation en faveur de Solidarno\u015b\u0107 mais dont les noms sont rest\u00e9s anonymes. Je garde l\u2019espoir que leur exemple continuera \u00e0 inspirer tous ceux et celles qui sont sensibles au monde qui les entoure, forte de la conviction qu\u2019il y a toujours des moments auxquels il faut \u00eatre pr\u00e9sent, des causes pour lesquelles il faut s\u2019investir, tous ces \u00e9v\u00e9nements particuliers auxquels on participe et qui font aussi de nous ce que nous sommes.<\/p>\n<p style=\"text-align: center;\">\n<p style=\"text-align: center;\">\n<p style=\"text-align: right;\"><em>Renata Lata\u0142a, commissaire d\u2019exposition<\/em><\/p>\n<p style=\"text-align: right;\"><em>Gen\u00e8ve, le 13 d\u00e9cembre 2023<\/em><\/p>\n<\/div>\n<\/div>\n<\/div>\n<p>[\/et_pb_text][\/et_pb_column][\/et_pb_row][\/et_pb_section][et_pb_section fb_built=\u00a0\u00bb1&Prime; admin_label=\u00a0\u00bbNavigation\u00a0\u00bb module_id=\u00a0\u00bbhome-navigation-wrapper\u00a0\u00bb module_class=\u00a0\u00bbbg-logo-inverse parallax-opacity-10&Prime; _builder_version=\u00a0\u00bb4.23&Prime; _module_preset=\u00a0\u00bbdefault\u00a0\u00bb background_color=\u00a0\u00bb#FF395E\u00a0\u00bb background_image=\u00a0\u00bbhttps:\/\/exhibition.solidarity1980.com\/wp-content\/uploads\/2023\/11\/AHP-SOLI-PH_209.jpg\u00a0\u00bb parallax=\u00a0\u00bbon\u00a0\u00bb parallax_method=\u00a0\u00bboff\u00a0\u00bb min_height=\u00a0\u00bb100vh\u00a0\u00bb custom_padding=\u00a0\u00bb0px||0px||true|false\u00a0\u00bb custom_css_main_element=\u00a0\u00bbdisplay:flex;||align-items:center;\u00a0\u00bb da_disable_devices=\u00a0\u00bboff|off|off\u00a0\u00bb box_shadow_style=\u00a0\u00bbpreset3&Prime; box_shadow_vertical=\u00a0\u00bb-13px\u00a0\u00bb locked=\u00a0\u00bboff\u00a0\u00bb global_colors_info=\u00a0\u00bb{}\u00a0\u00bb da_is_popup=\u00a0\u00bboff\u00a0\u00bb da_exit_intent=\u00a0\u00bboff\u00a0\u00bb da_has_close=\u00a0\u00bbon\u00a0\u00bb da_alt_close=\u00a0\u00bboff\u00a0\u00bb da_dark_close=\u00a0\u00bboff\u00a0\u00bb da_not_modal=\u00a0\u00bbon\u00a0\u00bb da_is_singular=\u00a0\u00bboff\u00a0\u00bb da_with_loader=\u00a0\u00bboff\u00a0\u00bb da_has_shadow=\u00a0\u00bbon\u00a0\u00bb][et_pb_row column_structure=\u00a0\u00bb1_3,1_3,1_3&Prime; _builder_version=\u00a0\u00bb4.21.0&Prime; _module_preset=\u00a0\u00bbdefault\u00a0\u00bb width=\u00a0\u00bb100%\u00a0\u00bb max_width=\u00a0\u00bb100%\u00a0\u00bb min_height=\u00a0\u00bb100vh\u00a0\u00bb scroll_vertical_motion=\u00a0\u00bb0|50|50|100|2|0|-2&Prime; scroll_fade_enable=\u00a0\u00bbon\u00a0\u00bb scroll_fade=\u00a0\u00bb0|50|50|100|20%|100|100&Prime; global_colors_info=\u00a0\u00bb{}\u00a0\u00bb][et_pb_column type=\u00a0\u00bb1_3&Prime; _builder_version=\u00a0\u00bb4.23.1&Prime; _module_preset=\u00a0\u00bbdefault\u00a0\u00bb scroll_vertical_motion_enable=\u00a0\u00bbon\u00a0\u00bb scroll_vertical_motion=\u00a0\u00bb0|50|50|100|0|0|0&Prime; scroll_horizontal_motion_enable=\u00a0\u00bbon\u00a0\u00bb scroll_horizontal_motion=\u00a0\u00bb0|50|50|100|-3|0|0&Prime; scroll_vertical_motion_tablet=\u00a0\u00bb0|50|50|100|-3|0|0&Prime; scroll_vertical_motion_phone=\u00a0\u00bb0|50|50|100|-3|0|0&Prime; scroll_vertical_motion_last_edited=\u00a0\u00bbon|phone\u00a0\u00bb scroll_horizontal_motion_tablet=\u00a0\u00bb0|50|50|100|0|0|0&Prime; scroll_horizontal_motion_phone=\u00a0\u00bb0|50|50|100|0|0|0&Prime; scroll_horizontal_motion_last_edited=\u00a0\u00bbon|desktop\u00a0\u00bb global_colors_info=\u00a0\u00bb{}\u00a0\u00bb][et_pb_text disabled_on=\u00a0\u00bboff|off|off\u00a0\u00bb _builder_version=\u00a0\u00bb4.23.1&Prime; _module_preset=\u00a0\u00bbdefault\u00a0\u00bb display_conditions=\u00a0\u00bbW10=\u00a0\u00bb global_colors_info=\u00a0\u00bb{}\u00a0\u00bb]<\/p>\n<p style=\"text-align: center;\"><a href=\"https:\/\/exhibition.solidarity1980.com\/visites-thematiques\/\"><span style=\"color: #ffffff;\">VISITES th\u00e9matiques<\/span><\/a><\/p>\n<p>[\/et_pb_text][\/et_pb_column][et_pb_column type=\u00a0\u00bb1_3&Prime; _builder_version=\u00a0\u00bb4.21.0&Prime; _module_preset=\u00a0\u00bbdefault\u00a0\u00bb global_colors_info=\u00a0\u00bb{}\u00a0\u00bb][et_pb_text _builder_version=\u00a0\u00bb4.21.0&Prime; _module_preset=\u00a0\u00bbdefault\u00a0\u00bb global_colors_info=\u00a0\u00bb{}\u00a0\u00bb]<\/p>\n<p style=\"text-align: center;\"><a href=\"https:\/\/exhibition.solidarity1980.com\/prologue\/\"><span style=\"color: #ffffff;\">Visite de l&rsquo;exposition<\/span><\/a><\/p>\n<p>[\/et_pb_text][\/et_pb_column][et_pb_column type=\u00a0\u00bb1_3&Prime; _builder_version=\u00a0\u00bb4.21.0&Prime; _module_preset=\u00a0\u00bbdefault\u00a0\u00bb scroll_vertical_motion_enable=\u00a0\u00bbon\u00a0\u00bb scroll_vertical_motion=\u00a0\u00bb0|50|50|100|0|0|0&Prime; scroll_horizontal_motion_enable=\u00a0\u00bbon\u00a0\u00bb scroll_horizontal_motion=\u00a0\u00bb0|50|50|100|3|0|0&Prime; scroll_vertical_motion_tablet=\u00a0\u00bb0|33|33|100|3|0|0&Prime; scroll_vertical_motion_phone=\u00a0\u00bb0|22|22|100|2|0|0&Prime; scroll_vertical_motion_last_edited=\u00a0\u00bbon|tablet\u00a0\u00bb scroll_horizontal_motion_tablet=\u00a0\u00bb0|50|50|100|0|0|0&Prime; scroll_horizontal_motion_phone=\u00a0\u00bb0|50|50|100|0|0|0&Prime; scroll_horizontal_motion_last_edited=\u00a0\u00bbon|phone\u00a0\u00bb global_colors_info=\u00a0\u00bb{}\u00a0\u00bb][et_pb_text _builder_version=\u00a0\u00bb4.21.0&Prime; _module_preset=\u00a0\u00bbdefault\u00a0\u00bb global_colors_info=\u00a0\u00bb{}\u00a0\u00bb]<\/p>\n<p style=\"text-align: center;\"><a href=\"https:\/\/exhibition.solidarity1980.com\/chronologie\/\"><span style=\"color: #ffffff;\">Chronologie<\/span><\/a><\/p>\n<p>[\/et_pb_text][\/et_pb_column][\/et_pb_row][\/et_pb_section]<\/p>\n","protected":false},"excerpt":{"rendered":"<p>\u00ab Solidarit\u00e9 \u00bb, \u00ab Solidarno\u015b\u0107 \u00bb, \u00ab solidarit\u00e9 avec Solidarno\u015b\u0107 \u00bb, ces mots r\u00e9sonnaient avec force dans les ann\u00e9es 80, comme le r\u00e9v\u00e8lent les photographies, films, affiches, drapeaux, banni\u00e8res, tracts, cartes postales, badges, pages de journaux et de livres qui sont autant de t\u00e9moins de cet engouement international pour Solidarnosc. \u00c0 la fois mouvement ouvrier [&hellip;]<\/p>\n","protected":false},"author":1,"featured_media":0,"parent":0,"menu_order":0,"comment_status":"closed","ping_status":"closed","template":"","meta":{"_et_pb_use_builder":"on","_et_pb_old_content":"","_et_gb_content_width":"","footnotes":""},"class_list":["post-33","page","type-page","status-publish","hentry"],"_links":{"self":[{"href":"https:\/\/exhibition.solidarity1980.com\/en\/wp-json\/wp\/v2\/pages\/33","targetHints":{"allow":["GET"]}}],"collection":[{"href":"https:\/\/exhibition.solidarity1980.com\/en\/wp-json\/wp\/v2\/pages"}],"about":[{"href":"https:\/\/exhibition.solidarity1980.com\/en\/wp-json\/wp\/v2\/types\/page"}],"author":[{"embeddable":true,"href":"https:\/\/exhibition.solidarity1980.com\/en\/wp-json\/wp\/v2\/users\/1"}],"replies":[{"embeddable":true,"href":"https:\/\/exhibition.solidarity1980.com\/en\/wp-json\/wp\/v2\/comments?post=33"}],"version-history":[{"count":55,"href":"https:\/\/exhibition.solidarity1980.com\/en\/wp-json\/wp\/v2\/pages\/33\/revisions"}],"predecessor-version":[{"id":2003,"href":"https:\/\/exhibition.solidarity1980.com\/en\/wp-json\/wp\/v2\/pages\/33\/revisions\/2003"}],"wp:attachment":[{"href":"https:\/\/exhibition.solidarity1980.com\/en\/wp-json\/wp\/v2\/media?parent=33"}],"curies":[{"name":"wp","href":"https:\/\/api.w.org\/{rel}","templated":true}]}}